{"id":3750,"date":"2020-05-19T13:35:00","date_gmt":"2020-05-19T13:35:00","guid":{"rendered":"https:\/\/cuatroideasgroup.com.ar\/demos\/?page_id=3750"},"modified":"2021-05-22T22:23:53","modified_gmt":"2021-05-23T01:23:53","slug":"f-a-q","status":"publish","type":"page","link":"https:\/\/cuatroideasgroup.com.ar\/demos\/f-a-q\/","title":{"rendered":"Preguntas Frecuentes"},"content":{"rendered":"\n  <div id=\"page-header-863732078\" class=\"page-header-wrapper\">\n  <div class=\"page-title light divided-title\">\n\n    \n    <div class=\"page-title-inner container align-center text-center flex-row-col medium-flex-wrap\" >\n              <div class=\"title-wrapper is-larger flex-col\">\n          <h1 class=\"entry-title mb-0\">\n            Preguntas Frecuentes          <\/h1>\n        <\/div>\n                    <div class=\"title-content flex-col\">\n              <\/div>\n    <\/div>\n\n       <\/div>\n  <div class=\"container header-wrapper-divider\"><hr\/><\/div>  <\/div>\n  \n\n<div class=\"row row-collapse align-center\" style=\"max-width:800px\" id=\"row-417575466\">\n\n\n\t<div id=\"col-1690117729\" class=\"col small-12 large-12\"  >\n\t\t\t\t<div class=\"col-inner\"  >\n\t\t\t\n\t\t\t\n\n<div class=\"accordion\">\n\n\t<div id=\"accordion-3683654627\" class=\"accordion-item\">\n\t\t<a id=\"accordion-3683654627-label\" class=\"accordion-title plain\" href=\"#accordion-item-\u00bfcomo_puedo_realizar_una_compra_online?\" aria-expanded=\"false\" aria-controls=\"accordion-3683654627-content\" >\n\t\t\t<button class=\"toggle\" aria-label=\"Toggle\"><i class=\"icon-angle-down\"><\/i><\/button>\n\t\t\t<span>\u00bfComo puedo realizar una compra online?<\/span>\n\t\t<\/a>\n\t\t<div id=\"accordion-3683654627-content\" class=\"accordion-inner\" aria-labelledby=\"accordion-3683654627-label\" >\n\t\t\t\n\n<p><a name=\"__DdeLink__69_2614076301\"><\/a> Para poder comprar en la p\u00e1gina, es primordial que te registres y crear una cuenta ingresando todos los datos solicitados en el formulario.<\/p>\n<p>Una vez registrado, vas a recibir un correo electr\u00f3nico de confirmaci\u00f3n, luego podr\u00e1s ingresar a la p\u00e1gina y elegir las prendas que m\u00e1s te gusten.<\/p>\n\n\t\t<\/div>\n\t<\/div>\n\t\n\t<div id=\"accordion-2724669186\" class=\"accordion-item\">\n\t\t<a id=\"accordion-2724669186-label\" class=\"accordion-title plain\" href=\"#accordion-item-\u00bfcu\u00e1l_es_la_compra_m\u00ednima?\" aria-expanded=\"false\" aria-controls=\"accordion-2724669186-content\" >\n\t\t\t<button class=\"toggle\" aria-label=\"Toggle\"><i class=\"icon-angle-down\"><\/i><\/button>\n\t\t\t<span>\u00bfCu\u00e1l es la compra m\u00ednima?<\/span>\n\t\t<\/a>\n\t\t<div id=\"accordion-2724669186-content\" class=\"accordion-inner\" aria-labelledby=\"accordion-2724669186-label\" >\n\t\t\t\n\n<p>La compra m\u00ednima en la p\u00e1gina es de $10.000<\/p>\n\n\t\t<\/div>\n\t<\/div>\n\t\n\t<div id=\"accordion-2062277012\" class=\"accordion-item\">\n\t\t<a id=\"accordion-2062277012-label\" class=\"accordion-title plain\" href=\"#accordion-item-\u00bfpor_qu\u00e9_no_se_ven_los_precios?\" aria-expanded=\"false\" aria-controls=\"accordion-2062277012-content\" >\n\t\t\t<button class=\"toggle\" aria-label=\"Toggle\"><i class=\"icon-angle-down\"><\/i><\/button>\n\t\t\t<span>\u00bfPor qu\u00e9 no se ven los precios?<\/span>\n\t\t<\/a>\n\t\t<div id=\"accordion-2062277012-content\" class=\"accordion-inner\" aria-labelledby=\"accordion-2062277012-label\" >\n\t\t\t\n\n<p>Una vez registrado podr\u00e1s visualizar todos los precios.<\/p>\n<p><strong>\u00a0<\/strong><\/p>\n\n\t\t<\/div>\n\t<\/div>\n\t\n\t<div id=\"accordion-2693557697\" class=\"accordion-item\">\n\t\t<a id=\"accordion-2693557697-label\" class=\"accordion-title plain\" href=\"#accordion-item-\u00bfcu\u00e1les_son_los_medios_de_pago?\" aria-expanded=\"false\" aria-controls=\"accordion-2693557697-content\" >\n\t\t\t<button class=\"toggle\" aria-label=\"Toggle\"><i class=\"icon-angle-down\"><\/i><\/button>\n\t\t\t<span>\u00bfCu\u00e1les son los medios de pago?<\/span>\n\t\t<\/a>\n\t\t<div id=\"accordion-2693557697-content\" class=\"accordion-inner\" aria-labelledby=\"accordion-2693557697-label\" >\n\t\t\t\n\n<p>Pod\u00e9s abonar tu compra a trav\u00e9s de un dep\u00f3sito, transferencia bancaria, mercadopago(Con un recargo del 10%) o efectivo.<\/p>\n\n\t\t<\/div>\n\t<\/div>\n\t\n\t<div id=\"accordion-2146353273\" class=\"accordion-item\">\n\t\t<a id=\"accordion-2146353273-label\" class=\"accordion-title plain\" href=\"#accordion-item-\u00bfcuanto_demora_el_armado_y_envio_del_pedido?\" aria-expanded=\"false\" aria-controls=\"accordion-2146353273-content\" >\n\t\t\t<button class=\"toggle\" aria-label=\"Toggle\"><i class=\"icon-angle-down\"><\/i><\/button>\n\t\t\t<span>\u00bfCuanto demora el armado y envio del pedido?<\/span>\n\t\t<\/a>\n\t\t<div id=\"accordion-2146353273-content\" class=\"accordion-inner\" aria-labelledby=\"accordion-2146353273-label\" >\n\t\t\t\n\n<p>Una vez el pedido esta ingresado, nos comunicaremos con vos y confirmado el stock, el pedido se guardar\u00e1 por 3 d\u00edas h\u00e1biles para que lo abones. Realizado el pago tenes que calcular entre 4 a 10 d\u00edas h\u00e1biles dependiendo del medio de transporte elegido.<\/p>\n\n\t\t<\/div>\n\t<\/div>\n\t\n\t<div id=\"accordion-2614344608\" class=\"accordion-item\">\n\t\t<a id=\"accordion-2614344608-label\" class=\"accordion-title plain\" href=\"#accordion-item-\u00bfse_pueden_cambiar_las_prendas?\" aria-expanded=\"false\" aria-controls=\"accordion-2614344608-content\" >\n\t\t\t<button class=\"toggle\" aria-label=\"Toggle\"><i class=\"icon-angle-down\"><\/i><\/button>\n\t\t\t<span>\u00bfSe pueden cambiar las prendas?<\/span>\n\t\t<\/a>\n\t\t<div id=\"accordion-2614344608-content\" class=\"accordion-inner\" aria-labelledby=\"accordion-2614344608-label\" >\n\t\t\t\n\n<p>Las prendas se cambian \u00fanicamente por falla de f\u00e1brica con aviso a las 72 hs de recibido dicho art. Se coordina con el cliente el m\u00e9todo de cambio.<\/p>\n\n\t\t<\/div>\n\t<\/div>\n\t\n\t<div id=\"accordion-1104370480\" class=\"accordion-item\">\n\t\t<a id=\"accordion-1104370480-label\" class=\"accordion-title plain\" href=\"#accordion-item-\u00bfpuedo_realizar_un_pedido_por_la_pagina_y_retirarlo_en_el_local?\" aria-expanded=\"false\" aria-controls=\"accordion-1104370480-content\" >\n\t\t\t<button class=\"toggle\" aria-label=\"Toggle\"><i class=\"icon-angle-down\"><\/i><\/button>\n\t\t\t<span>\u00bfPuedo realizar un pedido por la pagina y retirarlo en el local?<\/span>\n\t\t<\/a>\n\t\t<div id=\"accordion-1104370480-content\" class=\"accordion-inner\" aria-labelledby=\"accordion-1104370480-label\" >\n\t\t\t\n\n<p>Si, podes realizar un pedido y retirarlo en el local dentro de los 7 d\u00edas h\u00e1biles. El pago lo podes realizar por cualquiera de los medios de pago como tambi\u00e9n efectivo contra entrega en el local.<b><\/b><\/p>\n\n\t\t<\/div>\n\t<\/div>\n\t\n\t<div id=\"accordion-731713740\" class=\"accordion-item\">\n\t\t<a id=\"accordion-731713740-label\" class=\"accordion-title plain\" href=\"#accordion-item-\u00bflos_precios_tienen_el_iva_incluido?\" aria-expanded=\"false\" aria-controls=\"accordion-731713740-content\" >\n\t\t\t<button class=\"toggle\" aria-label=\"Toggle\"><i class=\"icon-angle-down\"><\/i><\/button>\n\t\t\t<span>\u00bfLos precios tienen el IVA incluido?<\/span>\n\t\t<\/a>\n\t\t<div id=\"accordion-731713740-content\" class=\"accordion-inner\" aria-labelledby=\"accordion-731713740-label\" >\n\t\t\t\n\n<p>No,los precios de la pagina no incluyen IVA.<\/p>\n\n\t\t<\/div>\n\t<\/div>\n\t\n\t<div id=\"accordion-273625162\" class=\"accordion-item\">\n\t\t<a id=\"accordion-273625162-label\" class=\"accordion-title plain\" href=\"#accordion-item-\u00bfcomo_env\u00edan_los_pedidos?\" aria-expanded=\"false\" aria-controls=\"accordion-273625162-content\" >\n\t\t\t<button class=\"toggle\" aria-label=\"Toggle\"><i class=\"icon-angle-down\"><\/i><\/button>\n\t\t\t<span>\u00bfComo env\u00edan los pedidos?<\/span>\n\t\t<\/a>\n\t\t<div id=\"accordion-273625162-content\" class=\"accordion-inner\" aria-labelledby=\"accordion-273625162-label\" >\n\t\t\t\n\n<p> Los env\u00edos son mediante expreso o mensajer\u00eda ,a convenir con el cliente. El env\u00edo va siempre a cargo del cliente.<\/p>\n\n\t\t<\/div>\n\t<\/div>\n\t\n\n<\/div>\n\n\t\t<\/div>\n\t\t\t\t\t<\/div>\n\n\t\n\n<\/div>\n\n","protected":false},"excerpt":{"rendered":"","protected":false},"author":1,"featured_media":0,"parent":0,"menu_order":0,"comment_status":"closed","ping_status":"closed","template":"","meta":{"footnotes":""},"class_list":["post-3750","page","type-page","status-publish","hentry"],"_links":{"self":[{"href":"https:\/\/cuatroideasgroup.com.ar\/demos\/wp-json\/wp\/v2\/pages\/3750","targetHints":{"allow":["GET"]}}],"collection":[{"href":"https:\/\/cuatroideasgroup.com.ar\/demos\/wp-json\/wp\/v2\/pages"}],"about":[{"href":"https:\/\/cuatroideasgroup.com.ar\/demos\/wp-json\/wp\/v2\/types\/page"}],"author":[{"embeddable":true,"href":"https:\/\/cuatroideasgroup.com.ar\/demos\/wp-json\/wp\/v2\/users\/1"}],"replies":[{"embeddable":true,"href":"https:\/\/cuatroideasgroup.com.ar\/demos\/wp-json\/wp\/v2\/comments?post=3750"}],"version-history":[{"count":23,"href":"https:\/\/cuatroideasgroup.com.ar\/demos\/wp-json\/wp\/v2\/pages\/3750\/revisions"}],"predecessor-version":[{"id":12209,"href":"https:\/\/cuatroideasgroup.com.ar\/demos\/wp-json\/wp\/v2\/pages\/3750\/revisions\/12209"}],"wp:attachment":[{"href":"https:\/\/cuatroideasgroup.com.ar\/demos\/wp-json\/wp\/v2\/media?parent=3750"}],"curies":[{"name":"wp","href":"https:\/\/api.w.org\/{rel}","templated":true}]}}