{"id":3753,"date":"2020-05-19T13:36:40","date_gmt":"2020-05-19T13:36:40","guid":{"rendered":"https:\/\/cuatroideasgroup.com.ar\/demos\/?page_id=3753"},"modified":"2023-11-01T14:58:22","modified_gmt":"2023-11-01T17:58:22","slug":"como-comprar","status":"publish","type":"page","link":"https:\/\/cuatroideasgroup.com.ar\/demos\/como-comprar\/","title":{"rendered":"C\u00f3mo Comprar"},"content":{"rendered":"\n  <div id=\"page-header-1592683496\" class=\"page-header-wrapper\">\n  <div class=\"page-title light divided-title\">\n\n    \n    <div class=\"page-title-inner container align-center text-center flex-row-col medium-flex-wrap\" >\n              <div class=\"title-wrapper is-larger flex-col\">\n          <h1 class=\"entry-title mb-0\">\n            \u00bfC\u00f3mo Comprar?          <\/h1>\n        <\/div>\n                    <div class=\"title-content flex-col\">\n              <\/div>\n    <\/div>\n\n       <\/div>\n  <div class=\"container header-wrapper-divider\"><hr\/><\/div>  <\/div>\n  \n\n\t<div id=\"gap-84797862\" class=\"gap-element clearfix\" style=\"display:block; height:auto;\">\n\t\t\n<style>\n#gap-84797862 {\n  padding-top: 0px;\n}\n@media (min-width:550px) {\n  #gap-84797862 {\n    padding-top: 30px;\n  }\n}\n<\/style>\n\t<\/div>\n\t\n\n<div class=\"row row-collapse align-center\" style=\"max-width:1000px\" id=\"row-1807808530\">\n\n\n\t<div id=\"col-1423040260\" class=\"col small-12 large-12\"  >\n\t\t\t\t<div class=\"col-inner\"  >\n\t\t\t\n\t\t\t\n\n<div class=\"row row-full-width align-equal align-center\"  id=\"row-1769686336\">\n\n\n\t<div id=\"col-315665130\" class=\"col medium-2 small-4 large-2\"  >\n\t\t\t\t<div class=\"col-inner text-center\"  >\n\t\t\t\n\t\t\t\n\n<h1><span style=\"font-size: 150%; color: #282828;\"><strong>1<\/strong><\/span><\/h1>\n\n\t\t<\/div>\n\t\t\t\t\t<\/div>\n\n\t\n\n\t<div id=\"col-535759264\" class=\"col medium-10 small-8 large-10\"  >\n\t\t\t\t<div class=\"col-inner\"  >\n\t\t\t\n\t\t\t\n\n<h4 style=\"text-align: left;\">REALIZ\u00c1 TU PEDIDO<\/h4>\n<p style=\"text-align: left;\">El m\u00ednimo de compra es $10000. <br \/>El primer paso deber\u00eda ser logearte o en su defecto registrarte<br \/>Eleg\u00ed lo que te gusta de nuestro SHOP, <br \/>seleccion\u00e1 art\u00edculos y cantidades, agregalos a tu carrito <br \/>e ingres\u00e1 tus datos al final.<\/p>\n\n\t\t<\/div>\n\t\t\t\t\t<\/div>\n\n\t\n\n<\/div>\n\t<div id=\"gap-1568760351\" class=\"gap-element clearfix\" style=\"display:block; height:auto;\">\n\t\t\n<style>\n#gap-1568760351 {\n  padding-top: 0px;\n}\n@media (min-width:550px) {\n  #gap-1568760351 {\n    padding-top: 30px;\n  }\n}\n<\/style>\n\t<\/div>\n\t\n\n<div class=\"is-divider divider clearfix\" style=\"max-width:100%;height:1px;\"><\/div>\n\n\n\t\t<\/div>\n\t\t\t\t\t<\/div>\n\n\t\n\n\t<div id=\"col-1273447188\" class=\"col small-12 large-12\"  >\n\t\t\t\t<div class=\"col-inner\"  >\n\t\t\t\n\t\t\t\n\n<div class=\"row row-full-width align-equal align-center\"  id=\"row-696366477\">\n\n\n\t<div id=\"col-2140926274\" class=\"col medium-2 small-4 large-2\"  >\n\t\t\t\t<div class=\"col-inner text-center\"  >\n\t\t\t\n\t\t\t\n\n<h1><span style=\"font-size: 150%; color: #282828;\"><strong>2<\/strong><\/span><\/h1>\n\n\t\t<\/div>\n\t\t\t\t\t<\/div>\n\n\t\n\n\t<div id=\"col-1573918711\" class=\"col medium-10 small-8 large-10\"  >\n\t\t\t\t<div class=\"col-inner\"  >\n\t\t\t\n\t\t\t\n\n<h4 style=\"text-align: left;\"><strong>COMPLET\u00c1 EL CHECKOUT Y NOS CONTACTAREMOS<\/span><\/strong><\/h4>\n<p style=\"text-align: left;\">Ingresa a tu CARRITO, clickeando en el \u00edcono del carrito en el men\u00fa superior. Complet\u00e1 el CHECKOUT<br \/>y nos contactaremos con vos para confirmarte la recepci\u00f3n del pedido y brindarte los datos necesarios para el pago. <br \/>Una vez que se recibe el pago, se procede al armado del pedido.<\/span><\/p>\n\n\t\t<\/div>\n\t\t\t\t\t<\/div>\n\n\t\n\n<\/div>\n\t<div id=\"gap-1839471270\" class=\"gap-element clearfix\" style=\"display:block; height:auto;\">\n\t\t\n<style>\n#gap-1839471270 {\n  padding-top: 0px;\n}\n@media (min-width:550px) {\n  #gap-1839471270 {\n    padding-top: 30px;\n  }\n}\n<\/style>\n\t<\/div>\n\t\n\n<div class=\"is-divider divider clearfix\" style=\"max-width:100%;height:1px;\"><\/div>\n\n\n\t\t<\/div>\n\t\t\t\t\t<\/div>\n\n\t\n\n\t<div id=\"col-1790929245\" class=\"col small-12 large-12\"  >\n\t\t\t\t<div class=\"col-inner\"  >\n\t\t\t\n\t\t\t\n\n<div class=\"row row-full-width align-equal align-center\"  id=\"row-412079335\">\n\n\n\t<div id=\"col-218487874\" class=\"col medium-2 small-4 large-2\"  >\n\t\t\t\t<div class=\"col-inner text-center\"  >\n\t\t\t\n\t\t\t\n\n<h1><span style=\"font-size: 150%; color: #282828;\"><strong>3<\/strong><\/span><\/h1>\n\n\t\t<\/div>\n\t\t\t\t\t<\/div>\n\n\t\n\n\t<div id=\"col-2069387139\" class=\"col medium-10 small-8 large-10\"  >\n\t\t\t\t<div class=\"col-inner\"  >\n\t\t\t\n\t<div class=\"is-border\"\n\t\tstyle=\"border-width:0px 0px 0px 0px;margin:0px 0px 0px 0px;\">\n\t<\/div>\n\t\t\t\n\n<h4 style=\"text-align: left;\"><strong>PAG\u00c1 TU COMPRA<\/strong><\/h4>\n<p style=\"text-align: left;\">Luego de recibir la notificaci\u00f3n del pedido de la web, nos pondremos en contacto para darte los datos de pago. <br \/>Abon\u00e1 tu pedido en 72hs h\u00e1biles.<br \/>Medios de pago: Efectivo en el local \/ Dep\u00f3sito bancario o Transferencia\u00a0 \/ Mercado Pago(Que tiene un 10% de recargo sobre el total de la compra).<\/p>\n\n\t\t<\/div>\n\t\t\t\t\t<\/div>\n\n\t\n\n<\/div>\n\t<div id=\"gap-414198972\" class=\"gap-element clearfix\" style=\"display:block; height:auto;\">\n\t\t\n<style>\n#gap-414198972 {\n  padding-top: 0px;\n}\n@media (min-width:550px) {\n  #gap-414198972 {\n    padding-top: 45px;\n  }\n}\n<\/style>\n\t<\/div>\n\t\n\n<div class=\"is-divider divider clearfix\" style=\"max-width:100%;height:1px;\"><\/div>\n\n\n\t\t<\/div>\n\t\t\t\t\t<\/div>\n\n\t\n\n\t<div id=\"col-1230873257\" class=\"col small-12 large-12\"  >\n\t\t\t\t<div class=\"col-inner\"  >\n\t\t\t\n\t\t\t\n\n<div class=\"row row-full-width align-equal align-center\"  id=\"row-78696542\">\n\n\n\t<div id=\"col-1960273704\" class=\"col medium-2 small-4 large-2\"  >\n\t\t\t\t<div class=\"col-inner text-center\"  >\n\t\t\t\n\t\t\t\n\n<h1><span style=\"font-size: 150%; color: #282828;\"><strong>4<\/strong><\/span><\/h1>\n\n\t\t<\/div>\n\t\t\t\t\t<\/div>\n\n\t\n\n\t<div id=\"col-1717671386\" class=\"col medium-10 small-8 large-10\"  >\n\t\t\t\t<div class=\"col-inner\"  >\n\t\t\t\n\t<div class=\"is-border\"\n\t\tstyle=\"border-width:0px 0px 0px 0px;margin:0px 0px 0px 0px;\">\n\t<\/div>\n\t\t\t\n\n<h4 style=\"text-align: left;\"><strong>RECIB\u00cd EL PEDIDO<\/strong><\/h4>\n<p>Realizado el pago nos comunicamos con vos para coordinar. Tenes que calcular entre 4 a 10 d\u00edas h\u00e1biles dependiendo del medio de transporte elegido.<\/p><\/p>\n\n\t\t<\/div>\n\t\t\t\t\t<\/div>\n\n\t\n\n<\/div>\n\t<div id=\"gap-506043720\" class=\"gap-element clearfix\" style=\"display:block; height:auto;\">\n\t\t\n<style>\n#gap-506043720 {\n  padding-top: 0px;\n}\n@media (min-width:550px) {\n  #gap-506043720 {\n    padding-top: 45px;\n  }\n}\n<\/style>\n\t<\/div>\n\t\n\n<div class=\"is-divider divider clearfix\" style=\"max-width:100%;height:1px;\"><\/div>\n\n\n\t\t<\/div>\n\t\t\t\t\t<\/div>\n\n\t\n\n<\/div>\n\t<div id=\"gap-1149422346\" class=\"gap-element clearfix\" style=\"display:block; height:auto;\">\n\t\t\n<style>\n#gap-1149422346 {\n  padding-top: 0px;\n}\n@media (min-width:550px) {\n  #gap-1149422346 {\n    padding-top: 30px;\n  }\n}\n<\/style>\n\t<\/div>\n\t\n\n\n","protected":false},"excerpt":{"rendered":"","protected":false},"author":1,"featured_media":0,"parent":0,"menu_order":0,"comment_status":"closed","ping_status":"closed","template":"","meta":{"footnotes":""},"class_list":["post-3753","page","type-page","status-publish","hentry"],"_links":{"self":[{"href":"https:\/\/cuatroideasgroup.com.ar\/demos\/wp-json\/wp\/v2\/pages\/3753","targetHints":{"allow":["GET"]}}],"collection":[{"href":"https:\/\/cuatroideasgroup.com.ar\/demos\/wp-json\/wp\/v2\/pages"}],"about":[{"href":"https:\/\/cuatroideasgroup.com.ar\/demos\/wp-json\/wp\/v2\/types\/page"}],"author":[{"embeddable":true,"href":"https:\/\/cuatroideasgroup.com.ar\/demos\/wp-json\/wp\/v2\/users\/1"}],"replies":[{"embeddable":true,"href":"https:\/\/cuatroideasgroup.com.ar\/demos\/wp-json\/wp\/v2\/comments?post=3753"}],"version-history":[{"count":14,"href":"https:\/\/cuatroideasgroup.com.ar\/demos\/wp-json\/wp\/v2\/pages\/3753\/revisions"}],"predecessor-version":[{"id":12283,"href":"https:\/\/cuatroideasgroup.com.ar\/demos\/wp-json\/wp\/v2\/pages\/3753\/revisions\/12283"}],"wp:attachment":[{"href":"https:\/\/cuatroideasgroup.com.ar\/demos\/wp-json\/wp\/v2\/media?parent=3753"}],"curies":[{"name":"wp","href":"https:\/\/api.w.org\/{rel}","templated":true}]}}